{"id":826,"date":"2022-09-05T15:10:55","date_gmt":"2022-09-05T12:10:55","guid":{"rendered":"https:\/\/www.tadindanyemek.com\/?page_id=826"},"modified":"2022-09-14T11:53:33","modified_gmt":"2022-09-14T08:53:33","slug":"hakkimizda","status":"publish","type":"page","link":"https:\/\/www.tadindanyemek.com\/?page_id=826","title":{"rendered":"Hizmetlerimiz"},"content":{"rendered":"\t\t<div data-elementor-type=\"wp-page\" data-elementor-id=\"826\" class=\"elementor elementor-826\">\n\t\t\t\t\t\t<section class=\"elementor-section elementor-top-section elementor-element elementor-element-70808f90 elementor-section-boxed elementor-section-height-default elementor-section-height-default\" data-id=\"70808f90\" data-element_type=\"section\">\n\t\t\t\t\t\t<div class=\"elementor-container elementor-column-gap-default\">\n\t\t\t\t\t<div class=\"elementor-column elementor-col-100 elementor-top-column elementor-element elementor-element-129ed205\" data-id=\"129ed205\" data-element_type=\"column\">\n\t\t\t<div class=\"elementor-widget-wrap elementor-element-populated\">\n\t\t\t\t\t\t<div class=\"elementor-element elementor-element-513cb87d elementor-widget elementor-widget-text-editor\" data-id=\"513cb87d\" data-element_type=\"widget\" data-widget_type=\"text-editor.default\">\n\t\t\t\t<div class=\"elementor-widget-container\">\n\t\t\t\t\t\t\t\t\t<div class=\"wp-block-image\">\n<figure class=\"alignleft size-large is-resized\">\n<p><img fetchpriority=\"high\" decoding=\"async\" class=\"alignleft wp-image-898 size-medium\" src=\"https:\/\/www.tadindanyemek.com\/wp-content\/uploads\/2022\/09\/02-2-300x233.jpg\" alt=\"\" width=\"300\" height=\"233\" srcset=\"https:\/\/www.tadindanyemek.com\/wp-content\/uploads\/2022\/09\/02-2-300x233.jpg 300w, https:\/\/www.tadindanyemek.com\/wp-content\/uploads\/2022\/09\/02-2-1024x796.jpg 1024w, https:\/\/www.tadindanyemek.com\/wp-content\/uploads\/2022\/09\/02-2-768x597.jpg 768w, https:\/\/www.tadindanyemek.com\/wp-content\/uploads\/2022\/09\/02-2-200x155.jpg 200w, https:\/\/www.tadindanyemek.com\/wp-content\/uploads\/2022\/09\/02-2.jpg 1161w\" sizes=\"(max-width: 300px) 100vw, 300px\" \/><\/p>\n<\/figure>\n<\/div>\n<p>Se\u00e7meli men\u00fc sistemi ile sizlerin uygun g\u00f6rece\u011fi miktarda kap adetini \u00e7al\u0131\u015fanlar\u0131n\u0131z\u0131n kendi tercihleri do\u011frultusunda belirleme \u015fans\u0131 tan\u0131nmaktad\u0131r.<\/p>\n\n<p>Alternatif men\u00fc uygulamalar\u0131 a\u015fa\u011f\u0131daki \u015fekildedir;<\/p>\n\n<p>18 \u00e7e\u015fitten 4 &#8211; 5 kap yemek se\u00e7imi<\/p>\n\n<p>12 \u00e7e\u015fitten 4 &#8211; 5 kap yemek se\u00e7imi<\/p>\n\n<p>8 \u00e7e\u015fitten 4 -5 kap yemek se\u00e7imi<\/p>\n\n<p>3 kap + salad bar<\/p>\n\n<p>4 kap fix men\u00fc<\/p>\n\n<p>3 kap + yo\u011furt<\/p>\n\n<p>Ayr\u0131ca herg\u00fcn de\u011fi\u015fik \u015fekilde haz\u0131rlanm\u0131\u015f diet box&#8217;lar ile baget sandwi\u00e7ler haz\u0131r bulundurulabilir.<\/p>\n\n<p>Men\u00fc dizayn\u0131 kalori gereksinimine g\u00f6re planlanmaktad\u0131r. \u00d6nerilen haftal\u0131k men\u00fc dizayn\u0131 a\u015fa\u011f\u0131daki gibidir.<\/p>\n\n<p>Haftada 2 et yeme\u011fi<\/p>\n\n<p>Haftada 1 tavuk yeme\u011fi ve\/veya d\u00f6ner<\/p>\n\n<p>Haftada 2 etli sebze yeme\u011fi<\/p>\n\n<p>Hijyenik ko\u015fullarda bal\u0131k temini m\u00fcmk\u00fcn oldu\u011fundan, kurulu\u015funuz onay\u0131 ile bal\u0131k da servis edilebilecektir.<\/p>\n\n<p>Ekmek dahil t\u00fcm \u00e7e\u015fitler ve malzemeler i\u00e7in &#8220;doyuncaya kadar&#8221; prensibi ge\u00e7erlidir.<\/p>\n\n<p>\u00a0<\/p>\n\n<p>\u00a0<\/p>\n\t\t\t\t\t\t\t\t<\/div>\n\t\t\t\t<\/div>\n\t\t\t\t\t<\/div>\n\t\t<\/div>\n\t\t\t\t\t<\/div>\n\t\t<\/section>\n\t\t\t\t<\/div>\n\t\t","protected":false},"excerpt":{"rendered":"<p>Se\u00e7meli men\u00fc sistemi ile sizlerin uygun g\u00f6rece\u011fi miktarda kap adetini \u00e7al\u0131\u015fanlar\u0131n\u0131z\u0131n kendi tercihleri do\u011frultusunda belirleme \u015fans\u0131 tan\u0131nmaktad\u0131r. Alternatif men\u00fc uygulamalar\u0131 a\u015fa\u011f\u0131daki \u015fekildedir; 18 \u00e7e\u015fitten 4 &#8211; 5 kap yemek se\u00e7imi 12 \u00e7e\u015fitten 4 &#8211; 5 kap yemek se\u00e7imi 8 \u00e7e\u015fitten 4 -5 kap yemek se\u00e7imi 3 kap + salad bar 4 kap fix men\u00fc 3 [&hellip;]<\/p>\n","protected":false},"author":1,"featured_media":0,"parent":0,"menu_order":0,"comment_status":"closed","ping_status":"closed","template":"","meta":{"_acf_changed":false,"footnotes":""},"class_list":["post-826","page","type-page","status-publish","hentry"],"acf":[],"_links":{"self":[{"href":"https:\/\/www.tadindanyemek.com\/index.php?rest_route=\/wp\/v2\/pages\/826","targetHints":{"allow":["GET"]}}],"collection":[{"href":"https:\/\/www.tadindanyemek.com\/index.php?rest_route=\/wp\/v2\/pages"}],"about":[{"href":"https:\/\/www.tadindanyemek.com\/index.php?rest_route=\/wp\/v2\/types\/page"}],"author":[{"embeddable":true,"href":"https:\/\/www.tadindanyemek.com\/index.php?rest_route=\/wp\/v2\/users\/1"}],"replies":[{"embeddable":true,"href":"https:\/\/www.tadindanyemek.com\/index.php?rest_route=%2Fwp%2Fv2%2Fcomments&post=826"}],"version-history":[{"count":19,"href":"https:\/\/www.tadindanyemek.com\/index.php?rest_route=\/wp\/v2\/pages\/826\/revisions"}],"predecessor-version":[{"id":904,"href":"https:\/\/www.tadindanyemek.com\/index.php?rest_route=\/wp\/v2\/pages\/826\/revisions\/904"}],"wp:attachment":[{"href":"https:\/\/www.tadindanyemek.com\/index.php?rest_route=%2Fwp%2Fv2%2Fmedia&parent=826"}],"curies":[{"name":"wp","href":"https:\/\/api.w.org\/{rel}","templated":true}]}}