{"id":53,"date":"2018-10-10T14:29:50","date_gmt":"2018-10-10T14:29:50","guid":{"rendered":"https:\/\/jupiterx.artbees.net\/europa\/?page_id=53"},"modified":"2022-09-14T11:05:23","modified_gmt":"2022-09-14T08:05:23","slug":"home","status":"publish","type":"page","link":"https:\/\/www.tadindanyemek.com\/","title":{"rendered":"Anasayfa"},"content":{"rendered":"\t\t<div data-elementor-type=\"wp-post\" data-elementor-id=\"53\" class=\"elementor elementor-53\">\n\t\t\t\t\t\t<section class=\"elementor-section elementor-top-section elementor-element elementor-element-5c9f25e elementor-section-full_width elementor-section-height-default elementor-section-height-default\" data-id=\"5c9f25e\" data-element_type=\"section\">\n\t\t\t\t\t\t<div class=\"elementor-container elementor-column-gap-no\">\n\t\t\t\t\t<div class=\"elementor-column elementor-col-100 elementor-top-column elementor-element elementor-element-affd969\" data-id=\"affd969\" data-element_type=\"column\">\n\t\t\t<div class=\"elementor-widget-wrap\">\n\t\t\t\t\t\t\t<\/div>\n\t\t<\/div>\n\t\t\t\t\t<\/div>\n\t\t<\/section>\n\t\t\t\t<section class=\"elementor-section elementor-top-section elementor-element elementor-element-5da8d95 elementor-section-boxed elementor-section-height-default elementor-section-height-default\" data-id=\"5da8d95\" data-element_type=\"section\">\n\t\t\t\t\t\t<div class=\"elementor-container elementor-column-gap-default\">\n\t\t\t\t\t<div class=\"elementor-column elementor-col-100 elementor-top-column elementor-element elementor-element-0f556f4\" data-id=\"0f556f4\" data-element_type=\"column\">\n\t\t\t<div class=\"elementor-widget-wrap elementor-element-populated\">\n\t\t\t\t\t\t<div class=\"elementor-element elementor-element-2aa0165 elementor-widget elementor-widget-heading\" data-id=\"2aa0165\" data-element_type=\"widget\" data-widget_type=\"heading.default\">\n\t\t\t\t<div class=\"elementor-widget-container\">\n\t\t\t\t\t<h1 class=\"elementor-heading-title elementor-size-default\">HAKKIMIZDA<\/h1>\t\t\t\t<\/div>\n\t\t\t\t<\/div>\n\t\t\t\t<div class=\"elementor-element elementor-element-a6c90b2 elementor-widget-divider--view-line elementor-widget elementor-widget-divider\" data-id=\"a6c90b2\" data-element_type=\"widget\" data-widget_type=\"divider.default\">\n\t\t\t\t<div class=\"elementor-widget-container\">\n\t\t\t\t\t\t\t<div class=\"elementor-divider\">\n\t\t\t<span class=\"elementor-divider-separator\">\n\t\t\t\t\t\t<\/span>\n\t\t<\/div>\n\t\t\t\t\t\t<\/div>\n\t\t\t\t<\/div>\n\t\t\t\t<div class=\"elementor-element elementor-element-1e3747a elementor-widget elementor-widget-text-editor\" data-id=\"1e3747a\" data-element_type=\"widget\" data-widget_type=\"text-editor.default\">\n\t\t\t\t<div class=\"elementor-widget-container\">\n\t\t\t\t\t\t\t\t\t<p style=\"margin-right: 0px; margin-bottom: 0px; margin-left: 0px; font-variant-numeric: normal; font-variant-east-asian: normal; font-stretch: normal; font-size: 14px; line-height: normal; font-family: roboto; color: #000000; text-align: start;\">\u201cTADINDAN CATER\u0130NG\u201d olarak 1982 y\u0131l\u0131ndan bu yana, kendi i\u015fletmemizde, bu\u0308yu\u0308k i\u015fyerinin, fabrikalar\u0131n ve kamu kurulu\u015flar\u0131n\u0131n yemekhanelerinde yemek u\u0308retimi faaliyetlerimizi hijyen kurallar\u0131na uyarak titizlikle ger\u00e7ekle\u015ftirmemizin yan\u0131nda ayn\u0131 hizmet ve anlay\u0131\u015f\u0131 ve titizlikle, catering servis, d\u0131\u015f mekan partileri ve organizasyon alanlar\u0131nda da hizmet vermekteyiz.<\/p>\n<p style=\"margin-right: 0px; margin-bottom: 0px; margin-left: 0px; font-variant-numeric: normal; font-variant-east-asian: normal; font-stretch: normal; font-size: 14px; line-height: normal; font-family: roboto; color: #000000; text-align: start;\"><br><\/p>\n<p style=\"margin-right: 0px; margin-bottom: 0px; margin-left: 0px; font-variant-numeric: normal; font-variant-east-asian: normal; font-stretch: normal; font-size: 14px; line-height: normal; font-family: Roboto; color: #000000; text-align: start;\">Konusunda profesyonel y\u00f6netici, a\u015f\u00e7\u0131ba\u015f\u0131, a\u015f\u00e7\u0131 ve servis kadromuzla mu\u0308\u015fterilerimizin ihtiya\u00e7lar\u0131n\u0131 en u\u0308st du\u0308zeyde kar\u015f\u0131lamak en \u00f6nde gelen amac\u0131m\u0131zd\u0131r. Mevcut projelerimizi i\u015fletmek, bu projelere yenilerini eklemek i\u00e7in bilin\u00e7li e\u011fitim veren yu\u0308ksek g\u0131da mu\u0308hendisimiz ve e\u011fitimci y\u00f6netim kadromuzla firmam\u0131z \u00f6zverili bir \u00e7al\u0131\u015fma g\u00f6stermektedir.<\/p>\n<p style=\"margin-right: 0px; margin-bottom: 0px; margin-left: 0px; font-variant-numeric: normal; font-variant-east-asian: normal; font-stretch: normal; font-size: 14px; line-height: normal; font-family: Roboto; color: #000000; text-align: start;\"><br><\/p>\n<p style=\"margin-right: 0px; margin-bottom: 0px; margin-left: 0px; font-variant-numeric: normal; font-variant-east-asian: normal; font-stretch: normal; font-size: 14px; line-height: normal; font-family: Roboto; color: #000000; text-align: start;\">Hizmet birimlerimiz taraf\u0131ndan ziyaret edildi\u011finde gururumuzun hakl\u0131l\u0131\u011f\u0131 ,ortaya \u00e7\u0131kacakt\u0131r. Faaliyeti konusunda politikas\u0131 \u00f6nderlik olan firmam\u0131z\u0131n yan\u0131n\u0131zda olmas\u0131 dileklerimizle&#8230;<\/p><p style=\"margin-right: 0px; margin-bottom: 0px; margin-left: 0px; font-variant-numeric: normal; font-variant-east-asian: normal; font-stretch: normal; font-size: 14px; line-height: normal; font-family: Roboto; color: #000000; text-align: start;\"><br><\/p>\n<p style=\"margin-right: 0px; margin-bottom: 0px; margin-left: 0px; font-variant-numeric: normal; font-variant-east-asian: normal; font-stretch: normal; font-size: 15px; line-height: normal; font-family: Roboto; color: #000000; text-align: start;\">&nbsp; &nbsp; &nbsp; &nbsp; &nbsp; &nbsp; &nbsp; &nbsp; &nbsp; &nbsp; &nbsp; &nbsp; &nbsp; &nbsp; &nbsp; &nbsp; &nbsp; &nbsp; &nbsp; &nbsp; &nbsp; &nbsp; &nbsp; &nbsp; &nbsp; &nbsp; &nbsp; &nbsp; &nbsp; &nbsp; &nbsp; &nbsp; &nbsp; &nbsp; &nbsp; &nbsp; &nbsp; &nbsp; &nbsp; &nbsp; &nbsp; &nbsp; &nbsp; &nbsp; &nbsp; &nbsp; &nbsp; &nbsp; &nbsp; &nbsp; &nbsp; &nbsp; &nbsp; &nbsp; &nbsp; &nbsp; &nbsp; &nbsp; &nbsp; &nbsp; &nbsp; &nbsp; &nbsp; &nbsp;Size bir telefon kadar yak\u0131n\u0131z&#8230;<\/p>\t\t\t\t\t\t\t\t<\/div>\n\t\t\t\t<\/div>\n\t\t\t\t\t<\/div>\n\t\t<\/div>\n\t\t\t\t\t<\/div>\n\t\t<\/section>\n\t\t\t\t<\/div>\n\t\t","protected":false},"excerpt":{"rendered":"<p>Lezzete Bir Dokunu\u015f Yeter HAKKIMIZDA \u201cTADINDAN CATER\u0130NG\u201d olarak 1982 y\u0131l\u0131ndan bu yana, kendi i\u015fletmemizde, bu\u0308yu\u0308k i\u015fyerinin, fabrikalar\u0131n ve kamu kurulu\u015flar\u0131n\u0131n yemekhanelerinde yemek u\u0308retimi faaliyetlerimizi hijyen kurallar\u0131na uyarak titizlikle ger\u00e7ekle\u015ftirmemizin yan\u0131nda ayn\u0131 hizmet ve anlay\u0131\u015f\u0131 ve titizlikle, catering servis, d\u0131\u015f mekan partileri ve organizasyon alanlar\u0131nda da hizmet vermekteyiz. Konusunda profesyonel y\u00f6netici, a\u015f\u00e7\u0131ba\u015f\u0131, a\u015f\u00e7\u0131 ve servis kadromuzla [&hellip;]<\/p>\n","protected":false},"author":1,"featured_media":0,"parent":0,"menu_order":0,"comment_status":"closed","ping_status":"closed","template":"full-width.php","meta":{"_acf_changed":false,"footnotes":""},"class_list":["post-53","page","type-page","status-publish","hentry"],"acf":[],"_links":{"self":[{"href":"https:\/\/www.tadindanyemek.com\/index.php?rest_route=\/wp\/v2\/pages\/53","targetHints":{"allow":["GET"]}}],"collection":[{"href":"https:\/\/www.tadindanyemek.com\/index.php?rest_route=\/wp\/v2\/pages"}],"about":[{"href":"https:\/\/www.tadindanyemek.com\/index.php?rest_route=\/wp\/v2\/types\/page"}],"author":[{"embeddable":true,"href":"https:\/\/www.tadindanyemek.com\/index.php?rest_route=\/wp\/v2\/users\/1"}],"replies":[{"embeddable":true,"href":"https:\/\/www.tadindanyemek.com\/index.php?rest_route=%2Fwp%2Fv2%2Fcomments&post=53"}],"version-history":[{"count":26,"href":"https:\/\/www.tadindanyemek.com\/index.php?rest_route=\/wp\/v2\/pages\/53\/revisions"}],"predecessor-version":[{"id":877,"href":"https:\/\/www.tadindanyemek.com\/index.php?rest_route=\/wp\/v2\/pages\/53\/revisions\/877"}],"wp:attachment":[{"href":"https:\/\/www.tadindanyemek.com\/index.php?rest_route=%2Fwp%2Fv2%2Fmedia&parent=53"}],"curies":[{"name":"wp","href":"https:\/\/api.w.org\/{rel}","templated":true}]}}